{"id":1346,"date":"2024-08-03T14:45:56","date_gmt":"2024-08-03T11:45:56","guid":{"rendered":"https:\/\/ab-schomburg.com.tr\/hakkimizda\/"},"modified":"2025-12-08T14:44:03","modified_gmt":"2025-12-08T11:44:03","slug":"about-us","status":"publish","type":"page","link":"https:\/\/ab-schomburg.com.tr\/en\/about-us\/","title":{"rendered":"About Us"},"content":{"rendered":"<div class=\"wpb-content-wrapper\"><p>[vc_row css=&#8221;.vc_custom_1722686119886{margin-bottom: 40px !important;}&#8221;][vc_column][vc_column_text css=&#8221;&#8221;]AB-SCHOMBURG Yap\u0131 Kimyasallar\u0131 A.\u015e is a leading company that manufactures and markets high-quality construction chemicals. We aim to elevate quality standards in the construction industry by offering innovative solutions in areas such as waterproofing products, adhesives, joint fillers, and more. With our modern production facilities and R&amp;D-focused approach, we develop sustainable and safe products tailored to our customers&#8217; needs.[\/vc_column_text][\/vc_column][\/vc_row][vc_row css=&#8221;.vc_custom_1722686128452{margin-bottom: 50px !important;}&#8221;][vc_column][vc_single_image image=&#8221;2007&#8243; img_size=&#8221;full&#8221; alignment=&#8221;center&#8221; css=&#8221;&#8221;][\/vc_column][\/vc_row][vc_row css=&#8221;.vc_custom_1722686141097{margin-bottom: 40px !important;}&#8221;][vc_column width=&#8221;1\/4&#8243;][vc_custom_heading text=&#8221;Our Vision&#8221; use_theme_fonts=&#8221;yes&#8221; css=&#8221;&#8221; el_class=&#8221;aboutt&#8221;][\/vc_column][vc_column width=&#8221;3\/4&#8243;][vc_column_text css=&#8221;&#8221;]To become a global leader in the construction chemicals industry and shape the future of the construction sector while minimizing our environmental impact with sustainable building materials.[\/vc_column_text][\/vc_column][\/vc_row][vc_row css=&#8221;.vc_custom_1722686148077{margin-bottom: 40px !important;}&#8221;][vc_column][vc_separator css=&#8221;&#8221;][\/vc_column][\/vc_row][vc_row css=&#8221;.vc_custom_1723899962314{margin-bottom: 90px !important;}&#8221;][vc_column width=&#8221;1\/4&#8243;][vc_custom_heading text=&#8221;Our Mission&#8221; use_theme_fonts=&#8221;yes&#8221; css=&#8221;&#8221; el_class=&#8221;aboutt&#8221;][\/vc_column][vc_column width=&#8221;3\/4&#8243;][vc_column_text css=&#8221;&#8221;]Our mission is to provide high-performance construction chemicals that guarantee more durable and long-lasting structures. By focusing on quality and customer satisfaction, we aim to stay at the forefront of industry innovations and always deliver the best.[\/vc_column_text][\/vc_column][\/vc_row]<\/p>\n<\/div>","protected":false},"excerpt":{"rendered":"<p>[vc_row css=&#8221;.vc_custom_1722686119886{margin-bottom: 40px !important;}&#8221;][vc_column][vc_column_text css=&#8221;&#8221;]AB-SCHOMBURG Yap\u0131 Kimyasallar\u0131 A.\u015e is a leading company that manufactures and markets high-quality construction chemicals. We aim to elevate quality standards in the construction industry by offering innovative solutions in areas such as waterproofing products, adhesives, joint fillers, and more. With our modern production facilities and R&amp;D-focused approach, we develop sustainable and safe products tailored to our customers&#8217; needs.[\/vc_column_text][\/vc_column][\/vc_row][vc_row css=&#8221;.vc_custom_1722686128452{margin-bottom: 50px !important;}&#8221;][vc_column][vc_single_image image=&#8221;2007&#8243; img_size=&#8221;full&#8221; alignment=&#8221;center&#8221; css=&#8221;&#8221;][\/vc_column][\/vc_row][vc_row css=&#8221;.vc_custom_1722686141097{margin-bottom: 40px !important;}&#8221;][vc_column width=&#8221;1\/4&#8243;][vc_custom_heading text=&#8221;Our Vision&#8221; use_theme_fonts=&#8221;yes&#8221; css=&#8221;&#8221; el_class=&#8221;aboutt&#8221;][\/vc_column][vc_column width=&#8221;3\/4&#8243;][vc_column_text css=&#8221;&#8221;]To become a global leader in the construction chemicals industry and shape the future of the construction sector while minimizing [&hellip;]<\/p>\n","protected":false},"author":1,"featured_media":0,"parent":0,"menu_order":0,"comment_status":"closed","ping_status":"closed","template":"","meta":{"_themeisle_gutenberg_block_has_review":false,"footnotes":""},"class_list":["post-1346","page","type-page","status-publish","hentry"],"yoast_head":"<!-- This site is optimized with the Yoast SEO plugin v26.5 - https:\/\/yoast.com\/wordpress\/plugins\/seo\/ -->\n<title>About Us - AB-SCHOMBURG<\/title>\n<meta name=\"robots\" content=\"index, follow, max-snippet:-1, max-image-preview:large, max-video-preview:-1\" \/>\n<link rel=\"canonical\" href=\"https:\/\/ab-schomburg.com.tr\/en\/about-us\/\" \/>\n<meta property=\"og:locale\" content=\"en_US\" \/>\n<meta property=\"og:type\" content=\"article\" \/>\n<meta property=\"og:title\" content=\"About Us - AB-SCHOMBURG\" \/>\n<meta property=\"og:description\" content=\"[vc_row css=&#8221;.vc_custom_1722686119886{margin-bottom: 40px !important;}&#8221;][vc_column][vc_column_text css=&#8221;&#8221;]AB-SCHOMBURG Yap\u0131 Kimyasallar\u0131 A.\u015e is a leading company that manufactures and markets high-quality construction chemicals. We aim to elevate quality standards in the construction industry by offering innovative solutions in areas such as waterproofing products, adhesives, joint fillers, and more. With our modern production facilities and R&amp;D-focused approach, we develop sustainable and safe products tailored to our customers&#8217; needs.[\/vc_column_text][\/vc_column][\/vc_row][vc_row css=&#8221;.vc_custom_1722686128452{margin-bottom: 50px !important;}&#8221;][vc_column][vc_single_image image=&#8221;2007&#8243; img_size=&#8221;full&#8221; alignment=&#8221;center&#8221; css=&#8221;&#8221;][\/vc_column][\/vc_row][vc_row css=&#8221;.vc_custom_1722686141097{margin-bottom: 40px !important;}&#8221;][vc_column width=&#8221;1\/4&#8243;][vc_custom_heading text=&#8221;Our Vision&#8221; use_theme_fonts=&#8221;yes&#8221; css=&#8221;&#8221; el_class=&#8221;aboutt&#8221;][\/vc_column][vc_column width=&#8221;3\/4&#8243;][vc_column_text css=&#8221;&#8221;]To become a global leader in the construction chemicals industry and shape the future of the construction sector while minimizing [&hellip;]\" \/>\n<meta property=\"og:url\" content=\"https:\/\/ab-schomburg.com.tr\/en\/about-us\/\" \/>\n<meta property=\"og:site_name\" content=\"AB-SCHOMBURG\" \/>\n<meta property=\"article:modified_time\" content=\"2025-12-08T11:44:03+00:00\" \/>\n<meta name=\"twitter:card\" content=\"summary_large_image\" \/>\n<meta name=\"twitter:label1\" content=\"Est. reading time\" \/>\n\t<meta name=\"twitter:data1\" content=\"2 minutes\" \/>\n<script type=\"application\/ld+json\" class=\"yoast-schema-graph\">{\"@context\":\"https:\/\/schema.org\",\"@graph\":[{\"@type\":\"WebPage\",\"@id\":\"https:\/\/ab-schomburg.com.tr\/en\/about-us\/\",\"url\":\"https:\/\/ab-schomburg.com.tr\/en\/about-us\/\",\"name\":\"About Us - AB-SCHOMBURG\",\"isPartOf\":{\"@id\":\"https:\/\/ab-schomburg.com.tr\/#website\"},\"datePublished\":\"2024-08-03T11:45:56+00:00\",\"dateModified\":\"2025-12-08T11:44:03+00:00\",\"breadcrumb\":{\"@id\":\"https:\/\/ab-schomburg.com.tr\/en\/about-us\/#breadcrumb\"},\"inLanguage\":\"en-US\",\"potentialAction\":[{\"@type\":\"ReadAction\",\"target\":[\"https:\/\/ab-schomburg.com.tr\/en\/about-us\/\"]}]},{\"@type\":\"BreadcrumbList\",\"@id\":\"https:\/\/ab-schomburg.com.tr\/en\/about-us\/#breadcrumb\",\"itemListElement\":[{\"@type\":\"ListItem\",\"position\":1,\"name\":\"Anasayfa\",\"item\":\"https:\/\/ab-schomburg.com.tr\/en\/\"},{\"@type\":\"ListItem\",\"position\":2,\"name\":\"About Us\"}]},{\"@type\":\"WebSite\",\"@id\":\"https:\/\/ab-schomburg.com.tr\/#website\",\"url\":\"https:\/\/ab-schomburg.com.tr\/\",\"name\":\"AB-SCHOMBURG\",\"description\":\"\",\"potentialAction\":[{\"@type\":\"SearchAction\",\"target\":{\"@type\":\"EntryPoint\",\"urlTemplate\":\"https:\/\/ab-schomburg.com.tr\/?s={search_term_string}\"},\"query-input\":{\"@type\":\"PropertyValueSpecification\",\"valueRequired\":true,\"valueName\":\"search_term_string\"}}],\"inLanguage\":\"en-US\"}]}<\/script>\n<!-- \/ Yoast SEO plugin. -->","yoast_head_json":{"title":"About Us - AB-SCHOMBURG","robots":{"index":"index","follow":"follow","max-snippet":"max-snippet:-1","max-image-preview":"max-image-preview:large","max-video-preview":"max-video-preview:-1"},"canonical":"https:\/\/ab-schomburg.com.tr\/en\/about-us\/","og_locale":"en_US","og_type":"article","og_title":"About Us - AB-SCHOMBURG","og_description":"[vc_row css=&#8221;.vc_custom_1722686119886{margin-bottom: 40px !important;}&#8221;][vc_column][vc_column_text css=&#8221;&#8221;]AB-SCHOMBURG Yap\u0131 Kimyasallar\u0131 A.\u015e is a leading company that manufactures and markets high-quality construction chemicals. We aim to elevate quality standards in the construction industry by offering innovative solutions in areas such as waterproofing products, adhesives, joint fillers, and more. With our modern production facilities and R&amp;D-focused approach, we develop sustainable and safe products tailored to our customers&#8217; needs.[\/vc_column_text][\/vc_column][\/vc_row][vc_row css=&#8221;.vc_custom_1722686128452{margin-bottom: 50px !important;}&#8221;][vc_column][vc_single_image image=&#8221;2007&#8243; img_size=&#8221;full&#8221; alignment=&#8221;center&#8221; css=&#8221;&#8221;][\/vc_column][\/vc_row][vc_row css=&#8221;.vc_custom_1722686141097{margin-bottom: 40px !important;}&#8221;][vc_column width=&#8221;1\/4&#8243;][vc_custom_heading text=&#8221;Our Vision&#8221; use_theme_fonts=&#8221;yes&#8221; css=&#8221;&#8221; el_class=&#8221;aboutt&#8221;][\/vc_column][vc_column width=&#8221;3\/4&#8243;][vc_column_text css=&#8221;&#8221;]To become a global leader in the construction chemicals industry and shape the future of the construction sector while minimizing [&hellip;]","og_url":"https:\/\/ab-schomburg.com.tr\/en\/about-us\/","og_site_name":"AB-SCHOMBURG","article_modified_time":"2025-12-08T11:44:03+00:00","twitter_card":"summary_large_image","twitter_misc":{"Est. reading time":"2 minutes"},"schema":{"@context":"https:\/\/schema.org","@graph":[{"@type":"WebPage","@id":"https:\/\/ab-schomburg.com.tr\/en\/about-us\/","url":"https:\/\/ab-schomburg.com.tr\/en\/about-us\/","name":"About Us - AB-SCHOMBURG","isPartOf":{"@id":"https:\/\/ab-schomburg.com.tr\/#website"},"datePublished":"2024-08-03T11:45:56+00:00","dateModified":"2025-12-08T11:44:03+00:00","breadcrumb":{"@id":"https:\/\/ab-schomburg.com.tr\/en\/about-us\/#breadcrumb"},"inLanguage":"en-US","potentialAction":[{"@type":"ReadAction","target":["https:\/\/ab-schomburg.com.tr\/en\/about-us\/"]}]},{"@type":"BreadcrumbList","@id":"https:\/\/ab-schomburg.com.tr\/en\/about-us\/#breadcrumb","itemListElement":[{"@type":"ListItem","position":1,"name":"Anasayfa","item":"https:\/\/ab-schomburg.com.tr\/en\/"},{"@type":"ListItem","position":2,"name":"About Us"}]},{"@type":"WebSite","@id":"https:\/\/ab-schomburg.com.tr\/#website","url":"https:\/\/ab-schomburg.com.tr\/","name":"AB-SCHOMBURG","description":"","potentialAction":[{"@type":"SearchAction","target":{"@type":"EntryPoint","urlTemplate":"https:\/\/ab-schomburg.com.tr\/?s={search_term_string}"},"query-input":{"@type":"PropertyValueSpecification","valueRequired":true,"valueName":"search_term_string"}}],"inLanguage":"en-US"}]}},"_links":{"self":[{"href":"https:\/\/ab-schomburg.com.tr\/en\/wp-json\/wp\/v2\/pages\/1346","targetHints":{"allow":["GET"]}}],"collection":[{"href":"https:\/\/ab-schomburg.com.tr\/en\/wp-json\/wp\/v2\/pages"}],"about":[{"href":"https:\/\/ab-schomburg.com.tr\/en\/wp-json\/wp\/v2\/types\/page"}],"author":[{"embeddable":true,"href":"https:\/\/ab-schomburg.com.tr\/en\/wp-json\/wp\/v2\/users\/1"}],"replies":[{"embeddable":true,"href":"https:\/\/ab-schomburg.com.tr\/en\/wp-json\/wp\/v2\/comments?post=1346"}],"version-history":[{"count":4,"href":"https:\/\/ab-schomburg.com.tr\/en\/wp-json\/wp\/v2\/pages\/1346\/revisions"}],"predecessor-version":[{"id":2010,"href":"https:\/\/ab-schomburg.com.tr\/en\/wp-json\/wp\/v2\/pages\/1346\/revisions\/2010"}],"wp:attachment":[{"href":"https:\/\/ab-schomburg.com.tr\/en\/wp-json\/wp\/v2\/media?parent=1346"}],"curies":[{"name":"wp","href":"https:\/\/api.w.org\/{rel}","templated":true}]}}