{"id":1343,"date":"2024-08-18T14:22:52","date_gmt":"2024-08-18T11:22:52","guid":{"rendered":"https:\/\/ab-schomburg.com.tr\/iletisim\/"},"modified":"2024-09-26T15:45:29","modified_gmt":"2024-09-26T12:45:29","slug":"contact-us","status":"publish","type":"page","link":"https:\/\/ab-schomburg.com.tr\/en\/contact-us\/","title":{"rendered":"Contact Us"},"content":{"rendered":"<div class=\"wpb-content-wrapper\"><p>[vc_row equal_height=&#8221;yes&#8221; el_class=&#8221;contactitem&#8221;][vc_column width=&#8221;2\/3&#8243;][vc_row_inner][vc_column_inner]\r\n    <div class=\"contactbbox contactcol\">\r\n    <h2>SALES<\/h2>\n<div class=\"row\">\n<div class=\"col-md-6\">\n<h3>Sales Manager<\/h3>\n<p>Cem AK\u00c7ADA\u011e<br \/>\n0530 208 6721<br \/>\n<a href=\"mailto:cemakcadag@ab-schomburg.com.tr\">cemakcadag@ab-schomburg.com.tr<\/a><\/p>\n<p>&nbsp;<\/p>\n<h3>\u0130stanbul Anatolia \/ South Marmara Sales Manager<\/h3>\n<p>A. Sercan S\u00dcLEYMANO\u011eLU<br \/>\n0530 601 14 20<br \/>\n<a href=\"mailto:sercansuleymanoglu@ab-schomburg.com.tr\" target=\"_blank\" rel=\"noopener\">sercansuleymanoglu@ab-<wbr \/>schomburg.com.tr<\/a><\/p>\n<p>&nbsp;<\/p>\n<h3>Istanbul Europe Regional Manager<\/h3>\n<p>Murat KAYA<br \/>\n0535 348 57 79<br \/>\n<a href=\"mailto:muratkaya@ab-schomburg.com.tr\" target=\"_blank\" rel=\"noopener\">muratkaya@ab-schomburg.com.tr<\/a><\/p>\n<p>&nbsp;<\/p>\n<h3>Logistics Manager<\/h3>\n<p>Hayriye Mutlu<br \/>\n0282 681 84 30<br \/>\n<a href=\"mailto:hayriyemutlu@ab-schomburg.com.tr\" target=\"_blank\" rel=\"noopener\">hayriyemutlu@ab-schomburg.com.tr<\/a><\/p>\n<\/div>\n<div class=\"col-md-6\">\n<p>&nbsp;<\/p>\n<h3>Aegean &#8211; Mediterranean Regional Manager<\/h3>\n<p>H\u00fcseyin ALBAYRAK<br \/>\n0533 742 90 39<br \/>\n<a href=\"mailto:huseyinalbayrak@ab-schomburg.com.tr\" target=\"_blank\" rel=\"noopener\">huseyinalbayrak@ab-schomburg.<wbr \/>com.tr<\/a><\/p>\n<p>&nbsp;<\/p>\n<h3>Factory Manager &amp; Purchasing<\/h3>\n<p>G\u00fcrkan G\u00fcnd\u00fcz<br \/>\n0533 044 88 40<br \/>\n<a href=\"mailto:gurkangunduz@ab-schomburg.com.tr\" target=\"_blank\" rel=\"noopener\">gurkangunduz@ab-schomburg.com.<wbr \/>tr<\/a><\/p>\n<\/div>\n<\/div>\n<\/div>[\/vc_column_inner][\/vc_row_inner][\/vc_column][vc_column width=&#8221;1\/3&#8243;][vc_row_inner][vc_column_inner]\r\n    <div class=\"contactbbox contactcol\">\r\n    <h2 class=\"vc_custom_heading vc_do_custom_heading contitlered\">CENTRE<\/h2>\n<div class=\"row\">\n<div class=\"col-md-12\">\n<h3>Address<\/h3>\n<p>19 May\u0131s Mah. \u0130n\u00f6n\u00fc Cad. S\u00fcmer Sok. No: 3G\/7 Zita\u015f \u0130\u015f Merkezi C-1 Blok K:2 Kozyata\u011f\u0131-Kad\u0131k\u00f6y \/ \u0130stanbul<\/p>\n<\/div>\n<div class=\"col-md-6\">\n<h3>Telephone<\/h3>\n<p>0216 302 71 31-32<br \/>\n0216 302 70 01 (Fax)<\/p>\n<\/div>\n<div class=\"col-md-6\">\n<h3>E-Mail<\/h3>\n<p>info@ab-schomburg.com.tr<\/p>\n<\/div>\n<\/div>\n<hr class=\"contacthr\" \/>\n<h2 class=\"vc_custom_heading vc_do_custom_heading contitlered\">FACTORY<\/h2>\n<div class=\"row\">\n<div class=\"col-md-12\">\n<h3>Address<\/h3>\n<p>\u00c7orlu 1. Organize B\u00f6lgesi, Y\u0131lmaz Alpaslan Cad. No:30 \u00c7orlu\/Tekirda\u011f<\/p>\n<\/div>\n<div class=\"col-md-6\">\n<h3>Telephone<\/h3>\n<p>0282 681 84 30<br \/>\n0282 681 84 29 (Fax)<\/p>\n<\/div>\n<div class=\"col-md-6\">\n<h3>E-Mail<\/h3>\n<p>fabrika@ab-schomburg.com.tr<\/p>\n<\/div>\n<\/div>\n<\/div>[\/vc_column_inner][\/vc_row_inner][\/vc_column][\/vc_row][vc_row css=&#8221;.vc_custom_1723983135284{margin-top: 40px !important;}&#8221;][vc_column][vc_gmaps link=&#8221;#E-8_JTNDaWZyYW1lJTIwc3JjJTNEJTIyaHR0cHMlM0ElMkYlMkZ3d3cuZ29vZ2xlLmNvbSUyRm1hcHMlMkZlbWJlZCUzRnBiJTNEJTIxMW0xOCUyMTFtMTIlMjExbTMlMjExZDMwMTIuMDgxNzIzMDE0NjU1JTIxMmQyOS4wOTIxOTQ3JTIxM2Q0MC45Nzk2OTEzJTIxMm0zJTIxMWYwJTIxMmYwJTIxM2YwJTIxM20yJTIxMWkxMDI0JTIxMmk3NjglMjE0ZjEzLjElMjEzbTMlMjExbTIlMjExczB4MTRjYWM2NGFiMzIwZmY3YiUyNTNBMHgzZjdmNmZiNGM4M2NhZTAzJTIxMnNBYiUyNTIwU2Nob21idXJnJTIxNWUwJTIxM20yJTIxMXN0ciUyMTJzdHIlMjE0djE3MjM5ODMxMDc3MzElMjE1bTIlMjExc3RyJTIxMnN0ciUyMiUyMHdpZHRoJTNEJTIyNjAwJTIyJTIwaGVpZ2h0JTNEJTIyNDUwJTIyJTIwc3R5bGUlM0QlMjJib3JkZXIlM0EwJTNCJTIyJTIwYWxsb3dmdWxsc2NyZWVuJTNEJTIyJTIyJTIwbG9hZGluZyUzRCUyMmxhenklMjIlMjByZWZlcnJlcnBvbGljeSUzRCUyMm5vLXJlZmVycmVyLXdoZW4tZG93bmdyYWRlJTIyJTNFJTNDJTJGaWZyYW1lJTNF&#8221; css=&#8221;&#8221; el_class=&#8221;contactmap&#8221;][\/vc_column][\/vc_row]<\/p>\n<\/div>","protected":false},"excerpt":{"rendered":"<p>[vc_row equal_height=&#8221;yes&#8221; el_class=&#8221;contactitem&#8221;][vc_column width=&#8221;2\/3&#8243;][vc_row_inner][vc_column_inner][\/vc_column_inner][\/vc_row_inner][\/vc_column][vc_column width=&#8221;1\/3&#8243;][vc_row_inner][vc_column_inner][\/vc_column_inner][\/vc_row_inner][\/vc_column][\/vc_row][vc_row css=&#8221;.vc_custom_1723983135284{margin-top: 40px !important;}&#8221;][vc_column][vc_gmaps link=&#8221;#E-8_JTNDaWZyYW1lJTIwc3JjJTNEJTIyaHR0cHMlM0ElMkYlMkZ3d3cuZ29vZ2xlLmNvbSUyRm1hcHMlMkZlbWJlZCUzRnBiJTNEJTIxMW0xOCUyMTFtMTIlMjExbTMlMjExZDMwMTIuMDgxNzIzMDE0NjU1JTIxMmQyOS4wOTIxOTQ3JTIxM2Q0MC45Nzk2OTEzJTIxMm0zJTIxMWYwJTIxMmYwJTIxM2YwJTIxM20yJTIxMWkxMDI0JTIxMmk3NjglMjE0ZjEzLjElMjEzbTMlMjExbTIlMjExczB4MTRjYWM2NGFiMzIwZmY3YiUyNTNBMHgzZjdmNmZiNGM4M2NhZTAzJTIxMnNBYiUyNTIwU2Nob21idXJnJTIxNWUwJTIxM20yJTIxMXN0ciUyMTJzdHIlMjE0djE3MjM5ODMxMDc3MzElMjE1bTIlMjExc3RyJTIxMnN0ciUyMiUyMHdpZHRoJTNEJTIyNjAwJTIyJTIwaGVpZ2h0JTNEJTIyNDUwJTIyJTIwc3R5bGUlM0QlMjJib3JkZXIlM0EwJTNCJTIyJTIwYWxsb3dmdWxsc2NyZWVuJTNEJTIyJTIyJTIwbG9hZGluZyUzRCUyMmxhenklMjIlMjByZWZlcnJlcnBvbGljeSUzRCUyMm5vLXJlZmVycmVyLXdoZW4tZG93bmdyYWRlJTIyJTNFJTNDJTJGaWZyYW1lJTNF&#8221; css=&#8221;&#8221; el_class=&#8221;contactmap&#8221;][\/vc_column][\/vc_row]<\/p>\n","protected":false},"author":1,"featured_media":0,"parent":0,"menu_order":0,"comment_status":"closed","ping_status":"closed","template":"","meta":{"_themeisle_gutenberg_block_has_review":false,"footnotes":""},"class_list":["post-1343","page","type-page","status-publish","hentry"],"yoast_head":"<!-- This site is optimized with the Yoast SEO plugin v26.5 - https:\/\/yoast.com\/wordpress\/plugins\/seo\/ -->\n<title>Contact Us - AB-SCHOMBURG<\/title>\n<meta name=\"robots\" content=\"index, follow, max-snippet:-1, max-image-preview:large, max-video-preview:-1\" \/>\n<link rel=\"canonical\" href=\"https:\/\/ab-schomburg.com.tr\/en\/contact-us\/\" \/>\n<meta property=\"og:locale\" content=\"en_US\" \/>\n<meta property=\"og:type\" content=\"article\" \/>\n<meta property=\"og:title\" content=\"Contact Us - AB-SCHOMBURG\" \/>\n<meta property=\"og:description\" content=\"[vc_row equal_height=&#8221;yes&#8221; el_class=&#8221;contactitem&#8221;][vc_column width=&#8221;2\/3&#8243;][vc_row_inner][vc_column_inner][\/vc_column_inner][\/vc_row_inner][\/vc_column][vc_column width=&#8221;1\/3&#8243;][vc_row_inner][vc_column_inner][\/vc_column_inner][\/vc_row_inner][\/vc_column][\/vc_row][vc_row css=&#8221;.vc_custom_1723983135284{margin-top: 40px !important;}&#8221;][vc_column][vc_gmaps link=&#8221;#E-8_JTNDaWZyYW1lJTIwc3JjJTNEJTIyaHR0cHMlM0ElMkYlMkZ3d3cuZ29vZ2xlLmNvbSUyRm1hcHMlMkZlbWJlZCUzRnBiJTNEJTIxMW0xOCUyMTFtMTIlMjExbTMlMjExZDMwMTIuMDgxNzIzMDE0NjU1JTIxMmQyOS4wOTIxOTQ3JTIxM2Q0MC45Nzk2OTEzJTIxMm0zJTIxMWYwJTIxMmYwJTIxM2YwJTIxM20yJTIxMWkxMDI0JTIxMmk3NjglMjE0ZjEzLjElMjEzbTMlMjExbTIlMjExczB4MTRjYWM2NGFiMzIwZmY3YiUyNTNBMHgzZjdmNmZiNGM4M2NhZTAzJTIxMnNBYiUyNTIwU2Nob21idXJnJTIxNWUwJTIxM20yJTIxMXN0ciUyMTJzdHIlMjE0djE3MjM5ODMxMDc3MzElMjE1bTIlMjExc3RyJTIxMnN0ciUyMiUyMHdpZHRoJTNEJTIyNjAwJTIyJTIwaGVpZ2h0JTNEJTIyNDUwJTIyJTIwc3R5bGUlM0QlMjJib3JkZXIlM0EwJTNCJTIyJTIwYWxsb3dmdWxsc2NyZWVuJTNEJTIyJTIyJTIwbG9hZGluZyUzRCUyMmxhenklMjIlMjByZWZlcnJlcnBvbGljeSUzRCUyMm5vLXJlZmVycmVyLXdoZW4tZG93bmdyYWRlJTIyJTNFJTNDJTJGaWZyYW1lJTNF&#8221; css=&#8221;&#8221; el_class=&#8221;contactmap&#8221;][\/vc_column][\/vc_row]\" \/>\n<meta property=\"og:url\" content=\"https:\/\/ab-schomburg.com.tr\/en\/contact-us\/\" \/>\n<meta property=\"og:site_name\" content=\"AB-SCHOMBURG\" \/>\n<meta property=\"article:modified_time\" content=\"2024-09-26T12:45:29+00:00\" \/>\n<meta name=\"twitter:card\" content=\"summary_large_image\" \/>\n<meta name=\"twitter:label1\" content=\"Est. reading time\" \/>\n\t<meta name=\"twitter:data1\" content=\"1 minute\" \/>\n<script type=\"application\/ld+json\" class=\"yoast-schema-graph\">{\"@context\":\"https:\/\/schema.org\",\"@graph\":[{\"@type\":\"WebPage\",\"@id\":\"https:\/\/ab-schomburg.com.tr\/en\/contact-us\/\",\"url\":\"https:\/\/ab-schomburg.com.tr\/en\/contact-us\/\",\"name\":\"Contact Us - AB-SCHOMBURG\",\"isPartOf\":{\"@id\":\"https:\/\/ab-schomburg.com.tr\/#website\"},\"datePublished\":\"2024-08-18T11:22:52+00:00\",\"dateModified\":\"2024-09-26T12:45:29+00:00\",\"breadcrumb\":{\"@id\":\"https:\/\/ab-schomburg.com.tr\/en\/contact-us\/#breadcrumb\"},\"inLanguage\":\"en-US\",\"potentialAction\":[{\"@type\":\"ReadAction\",\"target\":[\"https:\/\/ab-schomburg.com.tr\/en\/contact-us\/\"]}]},{\"@type\":\"BreadcrumbList\",\"@id\":\"https:\/\/ab-schomburg.com.tr\/en\/contact-us\/#breadcrumb\",\"itemListElement\":[{\"@type\":\"ListItem\",\"position\":1,\"name\":\"Anasayfa\",\"item\":\"https:\/\/ab-schomburg.com.tr\/en\/\"},{\"@type\":\"ListItem\",\"position\":2,\"name\":\"Contact Us\"}]},{\"@type\":\"WebSite\",\"@id\":\"https:\/\/ab-schomburg.com.tr\/#website\",\"url\":\"https:\/\/ab-schomburg.com.tr\/\",\"name\":\"AB-SCHOMBURG\",\"description\":\"\",\"potentialAction\":[{\"@type\":\"SearchAction\",\"target\":{\"@type\":\"EntryPoint\",\"urlTemplate\":\"https:\/\/ab-schomburg.com.tr\/?s={search_term_string}\"},\"query-input\":{\"@type\":\"PropertyValueSpecification\",\"valueRequired\":true,\"valueName\":\"search_term_string\"}}],\"inLanguage\":\"en-US\"}]}<\/script>\n<!-- \/ Yoast SEO plugin. -->","yoast_head_json":{"title":"Contact Us - AB-SCHOMBURG","robots":{"index":"index","follow":"follow","max-snippet":"max-snippet:-1","max-image-preview":"max-image-preview:large","max-video-preview":"max-video-preview:-1"},"canonical":"https:\/\/ab-schomburg.com.tr\/en\/contact-us\/","og_locale":"en_US","og_type":"article","og_title":"Contact Us - AB-SCHOMBURG","og_description":"[vc_row equal_height=&#8221;yes&#8221; el_class=&#8221;contactitem&#8221;][vc_column width=&#8221;2\/3&#8243;][vc_row_inner][vc_column_inner][\/vc_column_inner][\/vc_row_inner][\/vc_column][vc_column width=&#8221;1\/3&#8243;][vc_row_inner][vc_column_inner][\/vc_column_inner][\/vc_row_inner][\/vc_column][\/vc_row][vc_row css=&#8221;.vc_custom_1723983135284{margin-top: 40px !important;}&#8221;][vc_column][vc_gmaps link=&#8221;#E-8_JTNDaWZyYW1lJTIwc3JjJTNEJTIyaHR0cHMlM0ElMkYlMkZ3d3cuZ29vZ2xlLmNvbSUyRm1hcHMlMkZlbWJlZCUzRnBiJTNEJTIxMW0xOCUyMTFtMTIlMjExbTMlMjExZDMwMTIuMDgxNzIzMDE0NjU1JTIxMmQyOS4wOTIxOTQ3JTIxM2Q0MC45Nzk2OTEzJTIxMm0zJTIxMWYwJTIxMmYwJTIxM2YwJTIxM20yJTIxMWkxMDI0JTIxMmk3NjglMjE0ZjEzLjElMjEzbTMlMjExbTIlMjExczB4MTRjYWM2NGFiMzIwZmY3YiUyNTNBMHgzZjdmNmZiNGM4M2NhZTAzJTIxMnNBYiUyNTIwU2Nob21idXJnJTIxNWUwJTIxM20yJTIxMXN0ciUyMTJzdHIlMjE0djE3MjM5ODMxMDc3MzElMjE1bTIlMjExc3RyJTIxMnN0ciUyMiUyMHdpZHRoJTNEJTIyNjAwJTIyJTIwaGVpZ2h0JTNEJTIyNDUwJTIyJTIwc3R5bGUlM0QlMjJib3JkZXIlM0EwJTNCJTIyJTIwYWxsb3dmdWxsc2NyZWVuJTNEJTIyJTIyJTIwbG9hZGluZyUzRCUyMmxhenklMjIlMjByZWZlcnJlcnBvbGljeSUzRCUyMm5vLXJlZmVycmVyLXdoZW4tZG93bmdyYWRlJTIyJTNFJTNDJTJGaWZyYW1lJTNF&#8221; css=&#8221;&#8221; el_class=&#8221;contactmap&#8221;][\/vc_column][\/vc_row]","og_url":"https:\/\/ab-schomburg.com.tr\/en\/contact-us\/","og_site_name":"AB-SCHOMBURG","article_modified_time":"2024-09-26T12:45:29+00:00","twitter_card":"summary_large_image","twitter_misc":{"Est. reading time":"1 minute"},"schema":{"@context":"https:\/\/schema.org","@graph":[{"@type":"WebPage","@id":"https:\/\/ab-schomburg.com.tr\/en\/contact-us\/","url":"https:\/\/ab-schomburg.com.tr\/en\/contact-us\/","name":"Contact Us - AB-SCHOMBURG","isPartOf":{"@id":"https:\/\/ab-schomburg.com.tr\/#website"},"datePublished":"2024-08-18T11:22:52+00:00","dateModified":"2024-09-26T12:45:29+00:00","breadcrumb":{"@id":"https:\/\/ab-schomburg.com.tr\/en\/contact-us\/#breadcrumb"},"inLanguage":"en-US","potentialAction":[{"@type":"ReadAction","target":["https:\/\/ab-schomburg.com.tr\/en\/contact-us\/"]}]},{"@type":"BreadcrumbList","@id":"https:\/\/ab-schomburg.com.tr\/en\/contact-us\/#breadcrumb","itemListElement":[{"@type":"ListItem","position":1,"name":"Anasayfa","item":"https:\/\/ab-schomburg.com.tr\/en\/"},{"@type":"ListItem","position":2,"name":"Contact Us"}]},{"@type":"WebSite","@id":"https:\/\/ab-schomburg.com.tr\/#website","url":"https:\/\/ab-schomburg.com.tr\/","name":"AB-SCHOMBURG","description":"","potentialAction":[{"@type":"SearchAction","target":{"@type":"EntryPoint","urlTemplate":"https:\/\/ab-schomburg.com.tr\/?s={search_term_string}"},"query-input":{"@type":"PropertyValueSpecification","valueRequired":true,"valueName":"search_term_string"}}],"inLanguage":"en-US"}]}},"_links":{"self":[{"href":"https:\/\/ab-schomburg.com.tr\/en\/wp-json\/wp\/v2\/pages\/1343","targetHints":{"allow":["GET"]}}],"collection":[{"href":"https:\/\/ab-schomburg.com.tr\/en\/wp-json\/wp\/v2\/pages"}],"about":[{"href":"https:\/\/ab-schomburg.com.tr\/en\/wp-json\/wp\/v2\/types\/page"}],"author":[{"embeddable":true,"href":"https:\/\/ab-schomburg.com.tr\/en\/wp-json\/wp\/v2\/users\/1"}],"replies":[{"embeddable":true,"href":"https:\/\/ab-schomburg.com.tr\/en\/wp-json\/wp\/v2\/comments?post=1343"}],"version-history":[{"count":9,"href":"https:\/\/ab-schomburg.com.tr\/en\/wp-json\/wp\/v2\/pages\/1343\/revisions"}],"predecessor-version":[{"id":1932,"href":"https:\/\/ab-schomburg.com.tr\/en\/wp-json\/wp\/v2\/pages\/1343\/revisions\/1932"}],"wp:attachment":[{"href":"https:\/\/ab-schomburg.com.tr\/en\/wp-json\/wp\/v2\/media?parent=1343"}],"curies":[{"name":"wp","href":"https:\/\/api.w.org\/{rel}","templated":true}]}}